{"id":217,"date":"2025-04-15T21:17:45","date_gmt":"2025-04-15T19:17:45","guid":{"rendered":"https:\/\/pjur.com\/win\/?page_id=217"},"modified":"2025-06-05T11:50:29","modified_gmt":"2025-06-05T09:50:29","slug":"teilnahmebedingungen","status":"publish","type":"page","link":"https:\/\/pjur.com\/win\/teilnahmebedingungen\/","title":{"rendered":"Teilnahmebedingungen"},"content":{"rendered":"\t\t<div data-elementor-type=\"wp-page\" data-elementor-id=\"217\" class=\"elementor elementor-217\" data-elementor-post-type=\"page\">\n\t\t\t\t<div class=\"elementor-element elementor-element-0fff4bf e-flex e-con-boxed e-con e-parent\" data-id=\"0fff4bf\" data-element_type=\"container\">\n\t\t\t\t\t<div class=\"e-con-inner\">\n\t\t<div class=\"elementor-element elementor-element-7a0f493 e-con-full e-flex e-con e-child\" data-id=\"7a0f493\" data-element_type=\"container\">\n\t\t\t\t<div class=\"elementor-element elementor-element-f6861d0 elementor-widget elementor-widget-heading\" data-id=\"f6861d0\" data-element_type=\"widget\" data-widget_type=\"heading.default\">\n\t\t\t\t<div class=\"elementor-widget-container\">\n\t\t\t\t\t<h1 class=\"elementor-heading-title elementor-size-default\">Teilnahmebedigungen Gewinnspiel<\/h1>\t\t\t\t<\/div>\n\t\t\t\t<\/div>\n\t\t\t\t<div class=\"elementor-element elementor-element-cc62988 elementor-widget elementor-widget-heading\" data-id=\"cc62988\" data-element_type=\"widget\" data-widget_type=\"heading.default\">\n\t\t\t\t<div class=\"elementor-widget-container\">\n\t\t\t\t\t<h2 class=\"elementor-heading-title elementor-size-default\">pjur's Big 30 \u2013 Celebrate & Win!<\/h2>\t\t\t\t<\/div>\n\t\t\t\t<\/div>\n\t\t\t\t<\/div>\n\t\t\t\t\t<\/div>\n\t\t\t\t<\/div>\n\t\t<div class=\"elementor-element elementor-element-b0402b8 e-flex e-con-boxed e-con e-parent\" data-id=\"b0402b8\" data-element_type=\"container\">\n\t\t\t\t\t<div class=\"e-con-inner\">\n\t\t<div class=\"elementor-element elementor-element-59395b9 e-con-full e-flex e-con e-child\" data-id=\"59395b9\" data-element_type=\"container\">\n\t\t<div class=\"elementor-element elementor-element-229f7e2 e-con-full e-flex e-con e-child\" data-id=\"229f7e2\" data-element_type=\"container\">\n\t\t\t\t<div class=\"elementor-element elementor-element-cbd5468 elementor-widget__width-initial elementor-absolute elementor-widget elementor-widget-image\" data-id=\"cbd5468\" data-element_type=\"widget\" data-settings=\"{&quot;_position&quot;:&quot;absolute&quot;}\" data-widget_type=\"image.default\">\n\t\t\t\t<div class=\"elementor-widget-container\">\n\t\t\t\t\t\t\t\t\t\t\t\t\t\t\t<img decoding=\"async\" width=\"24\" height=\"24\" src=\"https:\/\/pjur.com\/win\/wp-content\/uploads\/2025\/04\/circle-1.svg\" class=\"attachment-full size-full wp-image-479\" alt=\"\" \/>\t\t\t\t\t\t\t\t\t\t\t\t\t\t\t<\/div>\n\t\t\t\t<\/div>\n\t\t\t\t<div class=\"elementor-element elementor-element-9287820 elementor-widget elementor-widget-heading\" data-id=\"9287820\" data-element_type=\"widget\" data-widget_type=\"heading.default\">\n\t\t\t\t<div class=\"elementor-widget-container\">\n\t\t\t\t\t<h3 class=\"elementor-heading-title elementor-size-default\">Gegenstand der Teilnahmebedingungen und Veranstalter<\/h3>\t\t\t\t<\/div>\n\t\t\t\t<\/div>\n\t\t\t\t<div class=\"elementor-element elementor-element-4f28e1d elementor-widget elementor-widget-text-editor\" data-id=\"4f28e1d\" data-element_type=\"widget\" data-widget_type=\"text-editor.default\">\n\t\t\t\t<div class=\"elementor-widget-container\">\n\t\t\t\t\t\t\t\t\t<p>1.1 <br \/>Diese Teilnahmebedingungen regeln die Bedingungen f\u00fcr eine Teilnahme an dem Gewinnspiel \u201epjur\u2019s Big 30 \u2013 Celebrate &amp; Win!\u201c. <br \/>1.2<br \/>Veranstalter des Gewinnspiels ist die pjur group Luxembourg S.A., 87 Esplanade de la Moselle, 6637 Wasserbillig, Luxembourg (nachfolgend \u201epjur\u201c oder \u201ewir\u201c). <br \/>1.3 <br \/>Mit Teilnahme und Aktivierung der entsprechenden Checkbox erkl\u00e4rt sich der Teilnehmer mit diesen Teilnahmebedingungen einverstanden und dass ihm bekannt ist, dass seine Nachricht unter Nennung des Vornamens vervielf\u00e4ltigt und ver\u00f6ffentlicht werden kann.<\/p>\t\t\t\t\t\t\t\t<\/div>\n\t\t\t\t<\/div>\n\t\t\t\t<\/div>\n\t\t<div class=\"elementor-element elementor-element-6d527d8 e-con-full e-flex e-con e-child\" data-id=\"6d527d8\" data-element_type=\"container\">\n\t\t\t\t<div class=\"elementor-element elementor-element-96a18ad elementor-widget__width-initial elementor-absolute elementor-widget elementor-widget-image\" data-id=\"96a18ad\" data-element_type=\"widget\" data-settings=\"{&quot;_position&quot;:&quot;absolute&quot;}\" data-widget_type=\"image.default\">\n\t\t\t\t<div class=\"elementor-widget-container\">\n\t\t\t\t\t\t\t\t\t\t\t\t\t\t\t<img decoding=\"async\" width=\"24\" height=\"24\" src=\"https:\/\/pjur.com\/win\/wp-content\/uploads\/2025\/04\/circle-2.svg\" class=\"attachment-full size-full wp-image-481\" alt=\"\" \/>\t\t\t\t\t\t\t\t\t\t\t\t\t\t\t<\/div>\n\t\t\t\t<\/div>\n\t\t\t\t<div class=\"elementor-element elementor-element-3701d39 elementor-widget elementor-widget-heading\" data-id=\"3701d39\" data-element_type=\"widget\" data-widget_type=\"heading.default\">\n\t\t\t\t<div class=\"elementor-widget-container\">\n\t\t\t\t\t<h3 class=\"elementor-heading-title elementor-size-default\">Teilnahme<\/h3>\t\t\t\t<\/div>\n\t\t\t\t<\/div>\n\t\t\t\t<div class=\"elementor-element elementor-element-4d60b9d elementor-widget elementor-widget-text-editor\" data-id=\"4d60b9d\" data-element_type=\"widget\" data-widget_type=\"text-editor.default\">\n\t\t\t\t<div class=\"elementor-widget-container\">\n\t\t\t\t\t\t\t\t\t<p>2.1<br \/>2.1 Teilnahmeberechtigt sind Personen, die das 18. Lebensjahr vollendet und ihren Wohnsitz in einem Land der EU, dem United Kingdom oder der Schweiz haben. Mitarbeiter von pjur und deren Angeh\u00f6rige d\u00fcrfen nicht am Gewinnspiel teilnehmen.<br \/>2.2<br \/>Teilnahmeberechtigte k\u00f6nnen an dem Gewinnspiel teilnehmen, indem sie \u00fcber die Internetseite pjur.com\/win eine Nachricht zum 30. Jubil\u00e4um von pjur an pjur versenden. <br \/>Wir werden aus den an uns versandten Nachrichten uns geeignet scheinende Nachrichten in Social Media und im Internet ver\u00f6ffentlichen und dabei den Vornamen des Einsenders ver\u00f6ffentlichen. <br \/>2.3 <br \/>Durch zus\u00e4tzliches Upload eines Videos oder eines Bildes mit dem pjur zum Jubil\u00e4um gratuliert wird kann der Teilnehmer seine Gewinnchance verdoppeln. Dies ist nur m\u00f6glich, wenn die Checkbox zur Einwilligung und Rechte\u00fcbertragung aktiviert wurde. <br \/>2.4 <br \/>Zur Teilnahme sind Name, Vorname, das Land des Wohnsitzes sowie die Email-Adresse und das Alter des Teilnehmenden anzugeben.<br \/>2.5 <br \/>Jeder Teilnehmende darf nur einmal teilnehmen. Eine Mehrfachteilnahme unter Angabe unterschiedlicher Email-Adressen, mit gef\u00e4lschten Identit\u00e4ten und\/oder mit Identit\u00e4ten von Dritten sowie sonstige manipulative Ma\u00dfnahmen f\u00fchren zum Ausschluss des Teilnehmers.<\/p>\t\t\t\t\t\t\t\t<\/div>\n\t\t\t\t<\/div>\n\t\t\t\t<\/div>\n\t\t\t\t<div class=\"elementor-element elementor-element-261a544 elementor-widget elementor-widget-image\" data-id=\"261a544\" data-element_type=\"widget\" data-widget_type=\"image.default\">\n\t\t\t\t<div class=\"elementor-widget-container\">\n\t\t\t\t\t\t\t\t\t\t\t\t\t\t\t<img fetchpriority=\"high\" decoding=\"async\" width=\"581\" height=\"477\" src=\"https:\/\/pjur.com\/win\/wp-content\/uploads\/2025\/04\/image-collage_03.png\" class=\"attachment-full size-full wp-image-405\" alt=\"\" srcset=\"https:\/\/pjur.com\/win\/wp-content\/uploads\/2025\/04\/image-collage_03.png 581w, https:\/\/pjur.com\/win\/wp-content\/uploads\/2025\/04\/image-collage_03-300x246.png 300w\" sizes=\"(max-width: 581px) 100vw, 581px\" \/>\t\t\t\t\t\t\t\t\t\t\t\t\t\t\t<\/div>\n\t\t\t\t<\/div>\n\t\t\t\t<\/div>\n\t\t<div class=\"elementor-element elementor-element-9ffa918 e-con-full e-flex e-con e-child\" data-id=\"9ffa918\" data-element_type=\"container\">\n\t\t<div class=\"elementor-element elementor-element-d1ea27a e-con-full e-flex e-con e-child\" data-id=\"d1ea27a\" data-element_type=\"container\">\n\t\t\t\t<div class=\"elementor-element elementor-element-4cecd22 elementor-widget__width-initial elementor-absolute elementor-widget elementor-widget-image\" data-id=\"4cecd22\" data-element_type=\"widget\" data-settings=\"{&quot;_position&quot;:&quot;absolute&quot;}\" data-widget_type=\"image.default\">\n\t\t\t\t<div class=\"elementor-widget-container\">\n\t\t\t\t\t\t\t\t\t\t\t\t\t\t\t<img loading=\"lazy\" decoding=\"async\" width=\"24\" height=\"24\" src=\"https:\/\/pjur.com\/win\/wp-content\/uploads\/2025\/04\/circle-3.svg\" class=\"attachment-full size-full wp-image-487\" alt=\"\" \/>\t\t\t\t\t\t\t\t\t\t\t\t\t\t\t<\/div>\n\t\t\t\t<\/div>\n\t\t\t\t<div class=\"elementor-element elementor-element-4e3a3ba elementor-widget elementor-widget-heading\" data-id=\"4e3a3ba\" data-element_type=\"widget\" data-widget_type=\"heading.default\">\n\t\t\t\t<div class=\"elementor-widget-container\">\n\t\t\t\t\t<h3 class=\"elementor-heading-title elementor-size-default\">Ablauf des Gewinnspiels und Gewinn<\/h3>\t\t\t\t<\/div>\n\t\t\t\t<\/div>\n\t\t\t\t<div class=\"elementor-element elementor-element-623eb2c elementor-widget elementor-widget-text-editor\" data-id=\"623eb2c\" data-element_type=\"widget\" data-widget_type=\"text-editor.default\">\n\t\t\t\t<div class=\"elementor-widget-container\">\n\t\t\t\t\t\t\t\t\t<p>3.1<br \/>3.1 Das Gewinnspiel findet vom 1. Juni 2025 bis 30. November 2025 statt. Die Teilnahme ist bis zum 30. November 2025, 23.59 Uhr CET m\u00f6glich (Teilnahmeschluss).<br \/>3.2 <br \/>Insgesamt gibt es von August bis Dezember 2025 monatlich je eine Verlosung unter allen Teilnehmern, bei der jeweils 3.000 \u20ac verlost werden. Wer bei einer Verlosung eines Monats gewonnen hat, scheidet bei den nachfolgenden Verlosungen aus. <br \/>3.3 <br \/>Der Gewinner eines jeden Monats wird unter allen teilnahmeberechtigten Teilnehmenden per Zufallsprinzip ermittelt und per Email benachrichtigt. Der Gewinner muss innerhalb von 7 Tagen auf die Benachrichtigung antworten und f\u00fcr die Gewinnauszahlung (per \u00dcberweisung) seinen vollst\u00e4ndigen Namen und die IBAN einer europ\u00e4ischen Bank \u00fcbermitteln. Sollte sich der Gewinner nicht innerhalb von 7 Tagen zur\u00fcckmelden, behalten wir uns vor, einen neuen Gewinner auszulosen oder den Gewinn als verfallen zu betrachten.<br \/>3.4 <br \/>Der Gewinn ist weder \u00fcbertragbar, noch kann der Gewinn getauscht oder in bar ausgezahlt werden. <br \/>3.5 <br \/>Die Auszahlung der 3.000 \u20ac erfolgt per \u00dcberweisung auf das vom Gewinner angegebene Konto.<\/p>\t\t\t\t\t\t\t\t<\/div>\n\t\t\t\t<\/div>\n\t\t\t\t<\/div>\n\t\t<div class=\"elementor-element elementor-element-49cd179 e-con-full e-flex e-con e-child\" data-id=\"49cd179\" data-element_type=\"container\">\n\t\t\t\t<div class=\"elementor-element elementor-element-0c7b359 elementor-widget__width-initial elementor-absolute elementor-widget elementor-widget-image\" data-id=\"0c7b359\" data-element_type=\"widget\" data-settings=\"{&quot;_position&quot;:&quot;absolute&quot;}\" data-widget_type=\"image.default\">\n\t\t\t\t<div class=\"elementor-widget-container\">\n\t\t\t\t\t\t\t\t\t\t\t\t\t\t\t<img loading=\"lazy\" decoding=\"async\" width=\"24\" height=\"24\" src=\"https:\/\/pjur.com\/win\/wp-content\/uploads\/2025\/04\/circle-4.svg\" class=\"attachment-full size-full wp-image-489\" alt=\"\" \/>\t\t\t\t\t\t\t\t\t\t\t\t\t\t\t<\/div>\n\t\t\t\t<\/div>\n\t\t\t\t<div class=\"elementor-element elementor-element-3263aae elementor-widget elementor-widget-heading\" data-id=\"3263aae\" data-element_type=\"widget\" data-widget_type=\"heading.default\">\n\t\t\t\t<div class=\"elementor-widget-container\">\n\t\t\t\t\t<h3 class=\"elementor-heading-title elementor-size-default\">Ausschluss<\/h3>\t\t\t\t<\/div>\n\t\t\t\t<\/div>\n\t\t\t\t<div class=\"elementor-element elementor-element-33ecf01 elementor-widget elementor-widget-text-editor\" data-id=\"33ecf01\" data-element_type=\"widget\" data-widget_type=\"text-editor.default\">\n\t\t\t\t<div class=\"elementor-widget-container\">\n\t\t\t\t\t\t\t\t\t<p>4.1<br \/>Ein Versto\u00df gegen diese Teilnahmebedingungen berechtigt uns, den jeweiligen Teilnehmenden von der Teilnahme auszuschlie\u00dfen. Dies gilt insbesondere, wenn der Teilnehmende falsche Angaben macht oder die von ihm hochgeladenen Inhalte geltendes Recht oder Rechte Dritter verletzen. <br \/>4.2<br \/>Handelt es sich bei dem ausgeschlossenen Teilnehmenden um einen bereits ausgelosten Gewinner, kann der Gewinn nachtr\u00e4glich aberkannt werden.<\/p>\t\t\t\t\t\t\t\t<\/div>\n\t\t\t\t<\/div>\n\t\t\t\t<\/div>\n\t\t<div class=\"elementor-element elementor-element-e1c79dd e-con-full e-flex e-con e-child\" data-id=\"e1c79dd\" data-element_type=\"container\">\n\t\t\t\t<div class=\"elementor-element elementor-element-c37850d elementor-widget__width-initial elementor-absolute elementor-widget elementor-widget-image\" data-id=\"c37850d\" data-element_type=\"widget\" data-settings=\"{&quot;_position&quot;:&quot;absolute&quot;}\" data-widget_type=\"image.default\">\n\t\t\t\t<div class=\"elementor-widget-container\">\n\t\t\t\t\t\t\t\t\t\t\t\t\t\t\t<img loading=\"lazy\" decoding=\"async\" width=\"24\" height=\"24\" src=\"https:\/\/pjur.com\/win\/wp-content\/uploads\/2025\/04\/circle-5.svg\" class=\"attachment-full size-full wp-image-491\" alt=\"\" \/>\t\t\t\t\t\t\t\t\t\t\t\t\t\t\t<\/div>\n\t\t\t\t<\/div>\n\t\t\t\t<div class=\"elementor-element elementor-element-e20fd98 elementor-widget elementor-widget-heading\" data-id=\"e20fd98\" data-element_type=\"widget\" data-widget_type=\"heading.default\">\n\t\t\t\t<div class=\"elementor-widget-container\">\n\t\t\t\t\t<h3 class=\"elementor-heading-title elementor-size-default\">Vorzeitige Beendigung des Gewinnspiels<\/h3>\t\t\t\t<\/div>\n\t\t\t\t<\/div>\n\t\t\t\t<div class=\"elementor-element elementor-element-39f97c3 elementor-widget elementor-widget-text-editor\" data-id=\"39f97c3\" data-element_type=\"widget\" data-widget_type=\"text-editor.default\">\n\t\t\t\t<div class=\"elementor-widget-container\">\n\t\t\t\t\t\t\t\t\t<p>pjur beh\u00e4lt sich das Recht vor, das Gewinnspiel jederzeit, auch ohne Einhaltung von Fristen, ganz oder teilweise vorzeitig zu beenden oder in seinem Verlauf abzu\u00e4ndern. Davon macht pjur insbesondere dann Gebrauch, wenn aus technischen Gr\u00fcnden (z.B. Viren in Computersystemen, Manipulation oder Fehler in der Hard-\/Software) oder aus rechtlichen Gr\u00fcnden eine ordnungsgem\u00e4\u00dfe Durchf\u00fchrung des Gewinnspiels nicht gew\u00e4hrleistet werden kann.<\/p>\t\t\t\t\t\t\t\t<\/div>\n\t\t\t\t<\/div>\n\t\t\t\t<\/div>\n\t\t<div class=\"elementor-element elementor-element-f4f50ee e-con-full e-flex e-con e-child\" data-id=\"f4f50ee\" data-element_type=\"container\">\n\t\t\t\t<div class=\"elementor-element elementor-element-720de89 elementor-widget__width-initial elementor-absolute elementor-widget elementor-widget-image\" data-id=\"720de89\" data-element_type=\"widget\" data-settings=\"{&quot;_position&quot;:&quot;absolute&quot;}\" data-widget_type=\"image.default\">\n\t\t\t\t<div class=\"elementor-widget-container\">\n\t\t\t\t\t\t\t\t\t\t\t\t\t\t\t<img loading=\"lazy\" decoding=\"async\" width=\"24\" height=\"24\" src=\"https:\/\/pjur.com\/win\/wp-content\/uploads\/2025\/04\/circle-6.svg\" class=\"attachment-full size-full wp-image-493\" alt=\"\" \/>\t\t\t\t\t\t\t\t\t\t\t\t\t\t\t<\/div>\n\t\t\t\t<\/div>\n\t\t\t\t<div class=\"elementor-element elementor-element-8ce0781 elementor-widget elementor-widget-heading\" data-id=\"8ce0781\" data-element_type=\"widget\" data-widget_type=\"heading.default\">\n\t\t\t\t<div class=\"elementor-widget-container\">\n\t\t\t\t\t<h3 class=\"elementor-heading-title elementor-size-default\">Ausschluss des Rechtsweges und Datenschutz<\/h3>\t\t\t\t<\/div>\n\t\t\t\t<\/div>\n\t\t\t\t<div class=\"elementor-element elementor-element-b836768 elementor-widget elementor-widget-text-editor\" data-id=\"b836768\" data-element_type=\"widget\" data-widget_type=\"text-editor.default\">\n\t\t\t\t<div class=\"elementor-widget-container\">\n\t\t\t\t\t\t\t\t\t<p>Der Rechtsweg ist ausgeschlossen. Es gilt die auf unser Seite pjur.com abrufbare Datenschutzerkl\u00e4rung.<\/p><p><br \/>Stand: 05. Juni 2025<\/p>\t\t\t\t\t\t\t\t<\/div>\n\t\t\t\t<\/div>\n\t\t\t\t<\/div>\n\t\t\t\t<\/div>\n\t\t\t\t\t<\/div>\n\t\t\t\t<\/div>\n\t\t\t\t<\/div>\n\t\t","protected":false},"excerpt":{"rendered":"<p>Teilnahmebedigungen Gewinnspiel pjur&#8217;s Big 30 \u2013 Celebrate &#038; Win! Gegenstand der Teilnahmebedingungen und Veranstalter 1.1 Diese Teilnahmebedingungen regeln die Bedingungen f\u00fcr eine Teilnahme an dem Gewinnspiel \u201epjur\u2019s Big 30 \u2013 Celebrate &amp; Win!\u201c. 1.2Veranstalter des Gewinnspiels ist die pjur group Luxembourg S.A., 87 Esplanade de la Moselle, 6637 Wasserbillig, Luxembourg (nachfolgend \u201epjur\u201c oder \u201ewir\u201c). 1.3 [&hellip;]<\/p>\n","protected":false},"author":1,"featured_media":0,"parent":0,"menu_order":0,"comment_status":"closed","ping_status":"closed","template":"","meta":{"footnotes":""},"class_list":["post-217","page","type-page","status-publish","hentry"],"_links":{"self":[{"href":"https:\/\/pjur.com\/win\/wp-json\/wp\/v2\/pages\/217","targetHints":{"allow":["GET"]}}],"collection":[{"href":"https:\/\/pjur.com\/win\/wp-json\/wp\/v2\/pages"}],"about":[{"href":"https:\/\/pjur.com\/win\/wp-json\/wp\/v2\/types\/page"}],"author":[{"embeddable":true,"href":"https:\/\/pjur.com\/win\/wp-json\/wp\/v2\/users\/1"}],"replies":[{"embeddable":true,"href":"https:\/\/pjur.com\/win\/wp-json\/wp\/v2\/comments?post=217"}],"version-history":[{"count":49,"href":"https:\/\/pjur.com\/win\/wp-json\/wp\/v2\/pages\/217\/revisions"}],"predecessor-version":[{"id":1278,"href":"https:\/\/pjur.com\/win\/wp-json\/wp\/v2\/pages\/217\/revisions\/1278"}],"wp:attachment":[{"href":"https:\/\/pjur.com\/win\/wp-json\/wp\/v2\/media?parent=217"}],"curies":[{"name":"wp","href":"https:\/\/api.w.org\/{rel}","templated":true}]}}